{"id":313,"date":"2023-08-16T12:24:20","date_gmt":"2023-08-16T12:24:20","guid":{"rendered":"http:\/\/fiberwood-wordpress.lndo.site\/?page_id=313"},"modified":"2025-09-18T08:18:15","modified_gmt":"2025-09-18T08:18:15","slug":"company","status":"publish","type":"page","link":"https:\/\/fiberwood.com\/en\/company\/","title":{"rendered":"Company"},"content":{"rendered":"\n\n<div >\n\t<div class=\"relative h-[30rem] xl:h-[40rem] -mt-20 lg:-mt-40 pt-20 lg:pt-40 z-10 w-full flex flex-col items-center bg-cover \">\n\t\t\t\t\t\t\t<img decoding=\"async\" class=\"absolute top-0 right-0 left-0 bottom-0 object-cover w-full h-full pointer-events-none\" src=\"https:\/\/fiberwood.com\/app\/uploads\/2023\/09\/Fiberwood_bio-based-material_1.jpg\" srcset=\"https:\/\/fiberwood.com\/app\/uploads\/2023\/09\/Fiberwood_bio-based-material_1-300x200.jpg 300w, https:\/\/fiberwood.com\/app\/uploads\/2023\/09\/Fiberwood_bio-based-material_1-1024x683.jpg 1024w, https:\/\/fiberwood.com\/app\/uploads\/2023\/09\/Fiberwood_bio-based-material_1-768x512.jpg 768w\" alt=\"\">\n\t\t\t\t\t\t\t\t\t<div class=\"my-auto mx-2\">\n\t\t\t\t<h1 class=\"Title relative z-20 sm:text-5xl lg:text-6xl 2xl:text-7xl text-center max-w-6xl !leading-tight \">\n\t\t\t\t\t\t\t\t\t\t\t<span class=\"text-white\">About us<\/span><br>\n\t\t\t\t\t\t\t\t\t<\/h1>\n\t\t\t<\/div>\n\t\t\t\t\t\t\t<\/div>\n\t\t\t\t\t<div class=\"wrap-margin-left bg-lightgray\">\n\t\t\t<div class=\"wrap-margin-right\">\n\t\t\t\t<div class=\"Breadcrumb flex flex-wrap py-8 mx-4 md:ml-14 lg:ml-20 2xl:ml-32 3xl:ml-48  \">\n\t\t\t\t\t<span property=\"itemListElement\" typeof=\"ListItem\"><a property=\"item\" typeof=\"WebPage\" title=\"Go to Fiberwood.\" href=\"https:\/\/fiberwood.com\/en\/\" class=\"home\" ><span property=\"name\">Fiberwood<\/span><\/a><meta property=\"position\" content=\"1\"><\/span>&nbsp;\/&nbsp;<span property=\"itemListElement\" typeof=\"ListItem\"><a property=\"item\" typeof=\"WebPage\" title=\"Go to News.\" href=\"https:\/\/fiberwood.com\/en\/news\/\" class=\"post-root post post-post\" aria-current=\"page\"><span property=\"name\">News<\/span><\/a><meta property=\"position\" content=\"2\"><\/span>\n\t\t\t\t<\/div>\n\t\t\t\t\t\t\t\t\t<div class=\"flex flex-col sm:flex-row sm:pt-12 pb-10 sm:pb-20\">\n\t\t\t\t\t\t<div class=\"sm:w-1\/2 mx-4 md:ml-14 md:mr-12 lg:ml-20 2xl:ml-32 3xl:ml-48\">\n\t\t\t\t\t\t\t<h2>What if forest industry by-products were not burned for energy?<\/h2>\n\t\t\t\t\t\t<\/div>\n\t\t\t\t\t\t<div class=\"sm:w-1\/2 mx-4 sm:mx-0\">\n\t\t\t\t\t\t\t\t\t\t\t\t\t\t\t<div class=\"mt-6 sm:mt-0\">\n\t\t\t\t\t\t\t\t\t<p>We are a materials technology start-up developing fossil-free insulation and packaging materials for the construction industry from forest industry by-products and other natural fibres.<\/p>\n<p>&nbsp;<\/p>\n<p>We unlock the potential of waste by converting it into recyclable and carbon-sequestering valuable materials for a wide range of applications. Our breathable, recyclable and compostable insulation and protective products are ecological alternatives to mineral wool and cellular plastic-based insulation and packaging cushioning.<\/p>\n\n\t\t\t\t\t\t\t\t<\/div>\n\t\t\t\t\t\t\t\t\t\t\t\t\t\t\t\t\t\t\t\t<\/div>\n\t\t\t\t\t<\/div>\n\t\t\t\t\t\t\t<\/div>\n\t\t<\/div>\n\t<\/div>\n\n\n\n<div style=\"height:100px\" aria-hidden=\"true\" class=\"wp-block-spacer\"><\/div>\n\n\n<div id=\"Section\" class=\"Block Section overflow-hidden wrap my-8\">\n\t<div class=\"Section-content relative max-w-[1088px] mx-auto w-full\">\n\t\t\n\n<h2 class=\"wp-block-heading\">Schedule and commercial availability<\/h2>\n\n\n\n<p>Currently, we are intensively focusing on product development projects together with our strategic customers. On our pilot line in Finland, we produce product samples for various test projects. At this stage, we are not manufacturing consumer products.<\/p>\n\n\n\n<p>We are currently building a demo production line to finalise our product concept, ensure industrial scalability, and accelerate R&amp;D activities. On the demo line, we will be able to manufacture products fully compatible with the commercial market for customer projects.<\/p>\n\n\n\n<h2 class=\"wp-block-heading\">Are you interested in joint product development for sustainable material solutions? <\/h2>\n\n\n\n<p>We are open to new domestic and international product development projects and commercial collaborations. If you are interested in exploring the suitability of wood and natural fibre-based materials for your needs, please do not hesitate to contact us! We offer material samples for selected test projects.<\/p>\n\n\n\t<\/div>\n<\/div>\n\n\n\n<div style=\"height:100px\" aria-hidden=\"true\" class=\"wp-block-spacer\"><\/div>\n\n\n\n\n<div  class=\" bg-primary relative\">\n\t<div class=\"flex wrap text-white text-center items-center flex-col place-content-center w-full py-14 md:py-20 lg:py-32 z-20 relative\">\n\t\t\t\t\t\t\t\t\t\t\t\t\t\t<h2 class=\"mb-8 leading-tight\">Mission<\/h2>\n\t\t\t\t\t\t\t\t\t\t\t\t\t\t\t\t<h2 class=\"mb-8 leading-tight\">We want to boost fossil-free construction with natural fibre-based materials and reduce the use of plastic in the packaging industry.<\/h2>\n\t\t\t\t\t\t\t\t\t\t\t\t<\/div>\n\t\t\t<img decoding=\"async\" class=\"absolute top-0 right-0 left-0 bottom-0 object-cover w-full h-full\" srcset=\"https:\/\/fiberwood.com\/app\/uploads\/2023\/08\/Sustainability-1024x576.jpg 1024w, https:\/\/fiberwood.com\/app\/uploads\/2023\/08\/Sustainability-768x432.jpg 768w, https:\/\/fiberwood.com\/app\/uploads\/2023\/08\/Sustainability-300x169.jpg 300w\" alt=\"\" src=\"https:\/\/fiberwood.com\/app\/uploads\/2023\/08\/Sustainability-1024x576.jpg\">\n\t<\/div>\n\n\n\n<div style=\"height:100px\" aria-hidden=\"true\" class=\"wp-block-spacer\"><\/div>\n\n\n\n\n<div  class=\" bg-primary relative\">\n\t<div class=\"flex wrap text-white text-center items-center flex-col place-content-center w-full py-14 md:py-20 lg:py-32 z-20 relative\">\n\t\t\t\t\t\t\t\t\t\t\t\t\t\t<h2 class=\"mb-8 leading-tight\">Vision<\/h2>\n\t\t\t\t\t\t\t\t\t\t\t\t\t\t\t\t<h2 class=\"mb-8 leading-tight\">We aim to grow as the world&#8217;s leading manufacturer of wood-based building insulation and packaging protection.<\/h2>\n\t\t\t\t\t\t\t\t\t\t\t\t<\/div>\n\t\t\t<img decoding=\"async\" class=\"absolute top-0 right-0 left-0 bottom-0 object-cover w-full h-full\" srcset=\"https:\/\/fiberwood.com\/app\/uploads\/2023\/08\/Kaarna-1024x576.jpg 1024w, https:\/\/fiberwood.com\/app\/uploads\/2023\/08\/Kaarna-768x432.jpg 768w, https:\/\/fiberwood.com\/app\/uploads\/2023\/08\/Kaarna-300x169.jpg 300w\" alt=\"\" src=\"https:\/\/fiberwood.com\/app\/uploads\/2023\/08\/Kaarna-1024x576.jpg\">\n\t<\/div>\n\n\n\n<div style=\"height:100px\" aria-hidden=\"true\" class=\"wp-block-spacer\"><\/div>\n\n\n<div id=\"Section\" class=\"Block Section overflow-hidden wrap my-8\">\n\t<div class=\"Section-content relative max-w-[1088px] mx-auto w-full\">\n\t\t\n\n<h2 class=\"wp-block-heading\">Timeline<\/h2>\n\n\n\n<p><strong>2019<\/strong> \u2013 Fiberwood was established based on customer projects commissioned by VTT, one of Europe&#8217;s leading research institutions.<\/p>\n\n\n\n<p><strong>2022<\/strong> \u2013 Team was strengthened with start-up and R&amp;D talents<\/p>\n\n\n\n<p><strong>2022 \u2013 <\/strong>First phase research environments in J\u00e4rvenp\u00e4\u00e4<\/p>\n\n\n\n<p><strong>2023<\/strong> \u2013 Team grew with sales, customer and product experts<\/p>\n\n\n\n<p><strong>2024<\/strong> \u2013 Move to larger premises to build a demo line<\/p>\n\n\n\n<p><strong>2025<\/strong> \u2013 \u20ac3.1 million EU LIFE funding secured to scale insulation solutions and expand into European markets<\/p>\n\n\n\n<p><strong>2025<\/strong> \u2013 Demo line completed by the end of the year<\/p>\n\n\n\n<p>&#8230;<\/p>\n\n\n\n<p><strong>2026<\/strong> \u2013 Planning of the first production plant begins<\/p>\n\n\n\n<p><strong>2027<\/strong> \u2013 First production plant starts operations<\/p>\n\n\n\t<\/div>\n<\/div>\n\n\n\n<div style=\"height:50px\" aria-hidden=\"true\" class=\"wp-block-spacer\"><\/div>\n\n\n\n\n<div  class=\" bg-primary relative\">\n\t<div class=\"flex wrap text-white text-center items-center flex-col place-content-center w-full py-14 md:py-20 lg:py-32 z-20 relative\">\n\t\t\t\t\t\t\t\t\t\t\t\t\t\t<h2 class=\"mb-8 leading-tight\">Work Towards a Sustainable Future!<\/h2>\n\t\t\t\t\t\t\t\t\t\t\t\t\t\t\t\t<p class=\"text-lg mb-4 md:w-2\/3\">We are looking for enthusiastic and motivated individuals to join our growing team. If you have a passion and desire to make a meaningful impact, you\u2019ve come to the right place.<\/p>\n\t\t\t\t\t\t\t\t\t\t\t\t\t\t<div class=\"flex flex-wrap gap-x-6 gap-y-2 mt-8\">\n\t\t\t\t\t\t\t\t\t\t\n\t\n<a href=\"https:\/\/fiberwood.com\/en\/company\/jobs\/\" alt=\"\" target=\"\" class=\"button flex border justify-center items-center h-fit self-center hover:border-black hover:text-black border-white text-white text-base py-4 uppercase px-6 \">\n\tCheck out open positions\n\t\t\t<svg xmlns=\"http:\/\/www.w3.org\/2000\/svg\" fill=\"none\" viewbox=\"0 0 24 24\" stroke-width=\"1.5\" stroke=\"currentColor\" class=\"ml-2 w-5 h-5\">\n\t\t\t<path stroke-linecap=\"round\" stroke-linejoin=\"round\" d=\"M17.25 8.25L21 12m0 0l-3.75 3.75M21 12H3\"\/>\n\t\t<\/svg>\n\t<\/a>\n\t\t\t\t\t\t\t<\/div>\n\t\t\t<\/div>\n\t<\/div>\n\n\n\n<div style=\"height:50px\" aria-hidden=\"true\" class=\"wp-block-spacer\"><\/div>\n\n\n\n\n<div  class=\"wrap py-14 md:py-20 lg:py-32 \">\n\t<div class=\"flex flex-col sm:flex-row mb-8 sm:items-center\">\n\t\t<h2 class=\"sm:mr-8 mb-0\">Latest news<\/h2>\n\t\t\t\n\t\n<a href=\"https:\/\/fiberwood.com\/en\/news\/\" alt=\"\" target=\"\" class=\"button flex border justify-center items-center h-fit self-center hover:border-black hover:text-black border-primary text-primary text-base py-4 uppercase px-6 mr-auto mt-4 sm:mt-0\">\n\tRead all\n\t\t\t<svg xmlns=\"http:\/\/www.w3.org\/2000\/svg\" fill=\"none\" viewbox=\"0 0 24 24\" stroke-width=\"1.5\" stroke=\"currentColor\" class=\"ml-2 w-5 h-5\">\n\t\t\t<path stroke-linecap=\"round\" stroke-linejoin=\"round\" d=\"M17.25 8.25L21 12m0 0l-3.75 3.75M21 12H3\"\/>\n\t\t<\/svg>\n\t<\/a>\n\t<\/div>\n\t<div class=\"grid sm:grid-cols-2 md:grid-cols-3 gap-4\">\n\t\t\t\t\t\n<div class=\"bg-white\">\n\t<a href=\"https:\/\/fiberwood.com\/en\/siddharth-gandhi-builds-the-bridge-from-pilot-to-production\/\" class=\"hover:opacity-90\">\n\t\t<img decoding=\"async\" class=\"aspect-square flex justify-center items-center w-full object-cover\" src=\"https:\/\/fiberwood.com\/app\/uploads\/2026\/03\/Fiberwood-header-2-1920-x-1080-px-8.png\" srcset=\"https:\/\/fiberwood.com\/app\/uploads\/2026\/03\/Fiberwood-header-2-1920-x-1080-px-8-300x169.png 300w, https:\/\/fiberwood.com\/app\/uploads\/2026\/03\/Fiberwood-header-2-1920-x-1080-px-8-1024x576.png 1024w, https:\/\/fiberwood.com\/app\/uploads\/2026\/03\/Fiberwood-header-2-1920-x-1080-px-8-768x432.png 768w, https:\/\/fiberwood.com\/app\/uploads\/2026\/03\/Fiberwood-header-2-1920-x-1080-px-8-1536x864.png 1536w, https:\/\/fiberwood.com\/app\/uploads\/2026\/03\/Fiberwood-header-2-1920-x-1080-px-8.png 1920w\" alt=\"\">\n\t<\/a>\n\t<div class=\"flex text-gray-dark flex-wrap pt-4 pb-1 sm:pt-6 sm:pb-4 text-sm\">\n\t\t10.03.2026\n\t\t\t\t\t\/&nbsp;\n\t\t\t<a href=\"https:\/\/fiberwood.com\/en\/category\/fiberwood-experts\/\" class=\"text-primary hover:underline\">\n\t\t\t\tFiberwood experts\n\t\t\t<\/a>\n\t\t\t<\/div>\n\t<a class=\"text-gray-dark hover:underline\" href=\"https:\/\/fiberwood.com\/en\/siddharth-gandhi-builds-the-bridge-from-pilot-to-production\/\">\n\t\t<h4>Siddharth Gandhi Builds the Bridge from Pilot to Production\u00a0<\/h4>\n\t<\/a>\n<\/div>\n\t\t\t\t\t\n<div class=\"bg-white\">\n\t<a href=\"https:\/\/fiberwood.com\/en\/study-current-regulation-overlooks-the-real-performance-of-wood-fibre-insulation\/\" class=\"hover:opacity-90\">\n\t\t<img decoding=\"async\" class=\"aspect-square flex justify-center items-center w-full object-cover\" src=\"https:\/\/fiberwood.com\/app\/uploads\/2023\/09\/Fiberwood_ecological_insulation_material_2.jpg\" srcset=\"https:\/\/fiberwood.com\/app\/uploads\/2023\/09\/Fiberwood_ecological_insulation_material_2-300x200.jpg 300w, https:\/\/fiberwood.com\/app\/uploads\/2023\/09\/Fiberwood_ecological_insulation_material_2-1024x683.jpg 1024w, https:\/\/fiberwood.com\/app\/uploads\/2023\/09\/Fiberwood_ecological_insulation_material_2-768x512.jpg 768w, https:\/\/fiberwood.com\/app\/uploads\/2023\/09\/Fiberwood_ecological_insulation_material_2.jpg 1499w\" alt=\"\">\n\t<\/a>\n\t<div class=\"flex text-gray-dark flex-wrap pt-4 pb-1 sm:pt-6 sm:pb-4 text-sm\">\n\t\t09.02.2026\n\t\t\t\t\t\/&nbsp;\n\t\t\t<a href=\"https:\/\/fiberwood.com\/en\/category\/news\/\" class=\"text-primary hover:underline\">\n\t\t\t\tNews\n\t\t\t<\/a>\n\t\t\t<\/div>\n\t<a class=\"text-gray-dark hover:underline\" href=\"https:\/\/fiberwood.com\/en\/study-current-regulation-overlooks-the-real-performance-of-wood-fibre-insulation\/\">\n\t\t<h4>Study:\u00a0Current regulation overlooks the real performance of wood fibre insulation<\/h4>\n\t<\/a>\n<\/div>\n\t\t\t\t\t\n<div class=\"bg-white\">\n\t<a href=\"https:\/\/fiberwood.com\/en\/ainu-voipio-advances-fiberwoods-laboratory-and-testing-practices\/\" class=\"hover:opacity-90\">\n\t\t<img decoding=\"async\" class=\"aspect-square flex justify-center items-center w-full object-cover\" src=\"https:\/\/fiberwood.com\/app\/uploads\/2025\/12\/Fiberwood-header-1780x640-1.jpg\" srcset=\"https:\/\/fiberwood.com\/app\/uploads\/2025\/12\/Fiberwood-header-1780x640-1-300x108.jpg 300w, https:\/\/fiberwood.com\/app\/uploads\/2025\/12\/Fiberwood-header-1780x640-1-1024x368.jpg 1024w, https:\/\/fiberwood.com\/app\/uploads\/2025\/12\/Fiberwood-header-1780x640-1-768x276.jpg 768w, https:\/\/fiberwood.com\/app\/uploads\/2025\/12\/Fiberwood-header-1780x640-1-1536x552.jpg 1536w, https:\/\/fiberwood.com\/app\/uploads\/2025\/12\/Fiberwood-header-1780x640-1.jpg 1780w\" alt=\"Ainu Voipio esittelee Fiberwoodin laboratoriossa k\u00e4ytett\u00e4v\u00e4\u00e4 kemikaalia\">\n\t<\/a>\n\t<div class=\"flex text-gray-dark flex-wrap pt-4 pb-1 sm:pt-6 sm:pb-4 text-sm\">\n\t\t09.01.2026\n\t\t\t\t\t\/&nbsp;\n\t\t\t<a href=\"https:\/\/fiberwood.com\/en\/category\/fiberwood-experts\/\" class=\"text-primary hover:underline\">\n\t\t\t\tFiberwood experts\n\t\t\t<\/a>\n\t\t\t<\/div>\n\t<a class=\"text-gray-dark hover:underline\" href=\"https:\/\/fiberwood.com\/en\/ainu-voipio-advances-fiberwoods-laboratory-and-testing-practices\/\">\n\t\t<h4>Ainu Voipio Advances Fiberwood\u2019s Laboratory and Testing Practices\u00a0<\/h4>\n\t<\/a>\n<\/div>\n\t\t\t<\/div>\n<\/div>\n","protected":false},"excerpt":{"rendered":"","protected":false},"author":1,"featured_media":1531,"parent":0,"menu_order":0,"comment_status":"closed","ping_status":"closed","template":"","meta":{"_acf_changed":false,"footnotes":""},"class_list":["post-313","page","type-page","status-publish","has-post-thumbnail","hentry"],"acf":[],"yoast_head":"<!-- This site is optimized with the Yoast SEO plugin v27.3 - https:\/\/yoast.com\/product\/yoast-seo-wordpress\/ -->\n<title>Company - Fiberwood<\/title>\n<meta name=\"description\" content=\"Fiberwood&#039;s mission as a pioneer in material technology is to accelerate fossil-free construction and reduce plastic use in the packaging industry.\" \/>\n<meta name=\"robots\" content=\"index, follow, max-snippet:-1, max-image-preview:large, max-video-preview:-1\" \/>\n<link rel=\"canonical\" href=\"https:\/\/fiberwood.com\/en\/company\/\" \/>\n<meta property=\"og:locale\" content=\"en_US\" \/>\n<meta property=\"og:type\" content=\"article\" \/>\n<meta property=\"og:title\" content=\"Company - Fiberwood\" \/>\n<meta property=\"og:description\" content=\"Fiberwood&#039;s mission as a pioneer in material technology is to accelerate fossil-free construction and reduce plastic use in the packaging industry.\" \/>\n<meta property=\"og:url\" content=\"https:\/\/fiberwood.com\/en\/company\/\" \/>\n<meta property=\"og:site_name\" content=\"Fiberwood\" \/>\n<meta property=\"article:modified_time\" content=\"2025-09-18T08:18:15+00:00\" \/>\n<meta property=\"og:image\" content=\"https:\/\/fiberwood.com\/app\/uploads\/2023\/09\/Fiberwood_bio-based-material_1.jpg\" \/>\n\t<meta property=\"og:image:width\" content=\"1499\" \/>\n\t<meta property=\"og:image:height\" content=\"1000\" \/>\n\t<meta property=\"og:image:type\" content=\"image\/jpeg\" \/>\n<meta name=\"twitter:card\" content=\"summary_large_image\" \/>\n<meta name=\"twitter:label1\" content=\"Est. reading time\" \/>\n\t<meta name=\"twitter:data1\" content=\"2 minutes\" \/>\n<script type=\"application\/ld+json\" class=\"yoast-schema-graph\">{\"@context\":\"https:\\\/\\\/schema.org\",\"@graph\":[{\"@type\":\"WebPage\",\"@id\":\"https:\\\/\\\/fiberwood.com\\\/en\\\/company\\\/\",\"url\":\"https:\\\/\\\/fiberwood.com\\\/en\\\/company\\\/\",\"name\":\"Company - Fiberwood\",\"isPartOf\":{\"@id\":\"https:\\\/\\\/fiberwood.com\\\/#website\"},\"primaryImageOfPage\":{\"@id\":\"https:\\\/\\\/fiberwood.com\\\/en\\\/company\\\/#primaryimage\"},\"image\":{\"@id\":\"https:\\\/\\\/fiberwood.com\\\/en\\\/company\\\/#primaryimage\"},\"thumbnailUrl\":\"https:\\\/\\\/fiberwood.com\\\/app\\\/uploads\\\/2023\\\/09\\\/Fiberwood_bio-based-material_1.jpg\",\"datePublished\":\"2023-08-16T12:24:20+00:00\",\"dateModified\":\"2025-09-18T08:18:15+00:00\",\"description\":\"Fiberwood's mission as a pioneer in material technology is to accelerate fossil-free construction and reduce plastic use in the packaging industry.\",\"breadcrumb\":{\"@id\":\"https:\\\/\\\/fiberwood.com\\\/en\\\/company\\\/#breadcrumb\"},\"inLanguage\":\"en\",\"potentialAction\":[{\"@type\":\"ReadAction\",\"target\":[\"https:\\\/\\\/fiberwood.com\\\/en\\\/company\\\/\"]}]},{\"@type\":\"ImageObject\",\"inLanguage\":\"en\",\"@id\":\"https:\\\/\\\/fiberwood.com\\\/en\\\/company\\\/#primaryimage\",\"url\":\"https:\\\/\\\/fiberwood.com\\\/app\\\/uploads\\\/2023\\\/09\\\/Fiberwood_bio-based-material_1.jpg\",\"contentUrl\":\"https:\\\/\\\/fiberwood.com\\\/app\\\/uploads\\\/2023\\\/09\\\/Fiberwood_bio-based-material_1.jpg\",\"width\":1499,\"height\":1000},{\"@type\":\"BreadcrumbList\",\"@id\":\"https:\\\/\\\/fiberwood.com\\\/en\\\/company\\\/#breadcrumb\",\"itemListElement\":[{\"@type\":\"ListItem\",\"position\":1,\"name\":\"Home\",\"item\":\"https:\\\/\\\/fiberwood.com\\\/en\\\/\"},{\"@type\":\"ListItem\",\"position\":2,\"name\":\"Company\"}]},{\"@type\":\"WebSite\",\"@id\":\"https:\\\/\\\/fiberwood.com\\\/#website\",\"url\":\"https:\\\/\\\/fiberwood.com\\\/\",\"name\":\"Fiberwood\",\"description\":\"\",\"potentialAction\":[{\"@type\":\"SearchAction\",\"target\":{\"@type\":\"EntryPoint\",\"urlTemplate\":\"https:\\\/\\\/fiberwood.com\\\/?s={search_term_string}\"},\"query-input\":{\"@type\":\"PropertyValueSpecification\",\"valueRequired\":true,\"valueName\":\"search_term_string\"}}],\"inLanguage\":\"en\"}]}<\/script>\n<!-- \/ Yoast SEO plugin. -->","yoast_head_json":{"title":"Company - Fiberwood","description":"Fiberwood's mission as a pioneer in material technology is to accelerate fossil-free construction and reduce plastic use in the packaging industry.","robots":{"index":"index","follow":"follow","max-snippet":"max-snippet:-1","max-image-preview":"max-image-preview:large","max-video-preview":"max-video-preview:-1"},"canonical":"https:\/\/fiberwood.com\/en\/company\/","og_locale":"en_US","og_type":"article","og_title":"Company - Fiberwood","og_description":"Fiberwood's mission as a pioneer in material technology is to accelerate fossil-free construction and reduce plastic use in the packaging industry.","og_url":"https:\/\/fiberwood.com\/en\/company\/","og_site_name":"Fiberwood","article_modified_time":"2025-09-18T08:18:15+00:00","og_image":[{"width":1499,"height":1000,"url":"https:\/\/fiberwood.com\/app\/uploads\/2023\/09\/Fiberwood_bio-based-material_1.jpg","type":"image\/jpeg"}],"twitter_card":"summary_large_image","twitter_misc":{"Est. reading time":"2 minutes"},"schema":{"@context":"https:\/\/schema.org","@graph":[{"@type":"WebPage","@id":"https:\/\/fiberwood.com\/en\/company\/","url":"https:\/\/fiberwood.com\/en\/company\/","name":"Company - Fiberwood","isPartOf":{"@id":"https:\/\/fiberwood.com\/#website"},"primaryImageOfPage":{"@id":"https:\/\/fiberwood.com\/en\/company\/#primaryimage"},"image":{"@id":"https:\/\/fiberwood.com\/en\/company\/#primaryimage"},"thumbnailUrl":"https:\/\/fiberwood.com\/app\/uploads\/2023\/09\/Fiberwood_bio-based-material_1.jpg","datePublished":"2023-08-16T12:24:20+00:00","dateModified":"2025-09-18T08:18:15+00:00","description":"Fiberwood's mission as a pioneer in material technology is to accelerate fossil-free construction and reduce plastic use in the packaging industry.","breadcrumb":{"@id":"https:\/\/fiberwood.com\/en\/company\/#breadcrumb"},"inLanguage":"en","potentialAction":[{"@type":"ReadAction","target":["https:\/\/fiberwood.com\/en\/company\/"]}]},{"@type":"ImageObject","inLanguage":"en","@id":"https:\/\/fiberwood.com\/en\/company\/#primaryimage","url":"https:\/\/fiberwood.com\/app\/uploads\/2023\/09\/Fiberwood_bio-based-material_1.jpg","contentUrl":"https:\/\/fiberwood.com\/app\/uploads\/2023\/09\/Fiberwood_bio-based-material_1.jpg","width":1499,"height":1000},{"@type":"BreadcrumbList","@id":"https:\/\/fiberwood.com\/en\/company\/#breadcrumb","itemListElement":[{"@type":"ListItem","position":1,"name":"Home","item":"https:\/\/fiberwood.com\/en\/"},{"@type":"ListItem","position":2,"name":"Company"}]},{"@type":"WebSite","@id":"https:\/\/fiberwood.com\/#website","url":"https:\/\/fiberwood.com\/","name":"Fiberwood","description":"","potentialAction":[{"@type":"SearchAction","target":{"@type":"EntryPoint","urlTemplate":"https:\/\/fiberwood.com\/?s={search_term_string}"},"query-input":{"@type":"PropertyValueSpecification","valueRequired":true,"valueName":"search_term_string"}}],"inLanguage":"en"}]}},"_links":{"self":[{"href":"https:\/\/fiberwood.com\/en\/wp-json\/wp\/v2\/pages\/313","targetHints":{"allow":["GET"]}}],"collection":[{"href":"https:\/\/fiberwood.com\/en\/wp-json\/wp\/v2\/pages"}],"about":[{"href":"https:\/\/fiberwood.com\/en\/wp-json\/wp\/v2\/types\/page"}],"author":[{"embeddable":true,"href":"https:\/\/fiberwood.com\/en\/wp-json\/wp\/v2\/users\/1"}],"replies":[{"embeddable":true,"href":"https:\/\/fiberwood.com\/en\/wp-json\/wp\/v2\/comments?post=313"}],"version-history":[{"count":75,"href":"https:\/\/fiberwood.com\/en\/wp-json\/wp\/v2\/pages\/313\/revisions"}],"predecessor-version":[{"id":3839,"href":"https:\/\/fiberwood.com\/en\/wp-json\/wp\/v2\/pages\/313\/revisions\/3839"}],"wp:featuredmedia":[{"embeddable":true,"href":"https:\/\/fiberwood.com\/en\/wp-json\/wp\/v2\/media\/1531"}],"wp:attachment":[{"href":"https:\/\/fiberwood.com\/en\/wp-json\/wp\/v2\/media?parent=313"}],"curies":[{"name":"wp","href":"https:\/\/api.w.org\/{rel}","templated":true}]}}