{"id":2985,"date":"2024-05-30T21:19:35","date_gmt":"2024-05-30T21:19:35","guid":{"rendered":"https:\/\/fiberwood.com\/?page_id=2985"},"modified":"2026-03-11T10:12:29","modified_gmt":"2026-03-11T10:12:29","slug":"jobs","status":"publish","type":"page","link":"https:\/\/fiberwood.com\/en\/company\/jobs\/","title":{"rendered":"Jobs"},"content":{"rendered":"\n\n<div >\n\t<div class=\"relative h-[30rem] xl:h-[40rem] -mt-20 lg:-mt-40 pt-20 lg:pt-40 z-10 w-full flex flex-col items-center bg-cover \">\n\t\t\t\t\t\t\t<img decoding=\"async\" class=\"absolute top-0 right-0 left-0 bottom-0 object-cover w-full h-full pointer-events-none\" src=\"https:\/\/fiberwood.com\/app\/uploads\/2023\/09\/Fiberwood_elementit_02-1.jpg\" srcset=\"https:\/\/fiberwood.com\/app\/uploads\/2023\/09\/Fiberwood_elementit_02-1-300x169.jpg 300w, https:\/\/fiberwood.com\/app\/uploads\/2023\/09\/Fiberwood_elementit_02-1-1024x576.jpg 1024w, https:\/\/fiberwood.com\/app\/uploads\/2023\/09\/Fiberwood_elementit_02-1-768x432.jpg 768w\" alt=\"Fiberwood, vihre\u00e4 taustakuva\">\n\t\t\t\t\t\t\t\t\t<div class=\"my-auto mx-2\">\n\t\t\t\t<h1 class=\"Title relative z-20 sm:text-5xl lg:text-6xl 2xl:text-7xl text-center max-w-6xl !leading-tight \">\n\t\t\t\t\t\t\t\t\t\t\t<span class=\"text-white\">Jobs<\/span><br>\n\t\t\t\t\t\t\t\t\t<\/h1>\n\t\t\t<\/div>\n\t\t\t\t\t\t\t<\/div>\n\t\t\t\t\t<div class=\"wrap-margin-left bg-lightgray\">\n\t\t\t<div class=\"wrap-margin-right\">\n\t\t\t\t<div class=\"Breadcrumb flex flex-wrap py-8 mx-4 md:ml-14 lg:ml-20 2xl:ml-32 3xl:ml-48  \">\n\t\t\t\t\t<span property=\"itemListElement\" typeof=\"ListItem\"><a property=\"item\" typeof=\"WebPage\" title=\"Go to Fiberwood.\" href=\"https:\/\/fiberwood.com\/en\/\" class=\"home\" ><span property=\"name\">Fiberwood<\/span><\/a><meta property=\"position\" content=\"1\"><\/span>&nbsp;\/&nbsp;<span property=\"itemListElement\" typeof=\"ListItem\"><a property=\"item\" typeof=\"WebPage\" title=\"Go to News.\" href=\"https:\/\/fiberwood.com\/en\/news\/\" class=\"post-root post post-post\" aria-current=\"page\"><span property=\"name\">News<\/span><\/a><meta property=\"position\" content=\"2\"><\/span>\n\t\t\t\t<\/div>\n\t\t\t\t\t\t\t\t\t<div class=\"flex flex-col sm:flex-row sm:pt-12 pb-10 sm:pb-20\">\n\t\t\t\t\t\t<div class=\"sm:w-1\/2 mx-4 md:ml-14 md:mr-12 lg:ml-20 2xl:ml-32 3xl:ml-48\">\n\t\t\t\t\t\t\t<h2>We are building a team that creates new solutions and challenges prevailing traditions.<\/h2>\n\t\t\t\t\t\t<\/div>\n\t\t\t\t\t\t<div class=\"sm:w-1\/2 mx-4 sm:mx-0\">\n\t\t\t\t\t\t\t\t\t\t\t\t\t\t\t<div class=\"mt-6 sm:mt-0\">\n\t\t\t\t\t\t\t\t\t<p>At Fiberwood, we contribute to slowing climate change and promoting sustainable development. Our work has a direct impact on the availability of safe and healthy insulation and packaging materials for us and future generations. To turn our vision into finished products and solutions, we are seeking additional resources for product development, production and other functions in advanced materials technology.<\/p>\n\n\t\t\t\t\t\t\t\t<\/div>\n\t\t\t\t\t\t\t\t\t\t\t\t\t\t\t\t\t\t\t\t<\/div>\n\t\t\t\t\t<\/div>\n\t\t\t\t\t\t\t<\/div>\n\t\t<\/div>\n\t<\/div>\n\n\n\n<div style=\"height:100px\" aria-hidden=\"true\" class=\"wp-block-spacer\"><\/div>\n\n\n<div id=\"Section\" class=\"Block Section overflow-hidden wrap my-8\">\n\t<div class=\"Section-content relative max-w-[1088px] mx-auto w-full\">\n\t\t\n\n<h2 class=\"wp-block-heading\">Work Towards a Sustainable Future!<\/h2>\n\n\n\n<p>We are looking for enthusiastic and motivated individuals to join our growing team. If you have a passion and desire to make a meaningful impact, you&#8217;ve come to the right place. With us, you can learn something new daily and change the world fibre by fibre.<\/p>\n\n\n\n<p><\/p>\n\n\n\n<p>We hold future solutions in our hands and see immense potential and brilliant breakthrough opportunities. Creating something new is captivating, involving risks but also offering significant opportunities. Success in this role requires the world-famous Finnish &#8220;sisu&#8221;, perseverance and tolerance of uncertainty and incompleteness.<\/p>\n\n\n\n<p><strong>Open position:<\/strong><br><br><a href=\"https:\/\/duunitori.fi\/tyopaikat\/tyo\/fiberwood-tuotantojohtaja-sdsuu-20071814\">Tuotantojohtaja (Director, production)<\/a><\/p>\n\n\n\t<\/div>\n<\/div>\n\n\n\n<div style=\"height:100px\" aria-hidden=\"true\" class=\"wp-block-spacer\"><\/div>\n\n\n\n\n\n<div  class=\" bg-lightgray\">\n\t<div class=\"flex flex-col md:flex-row\">\n\t\t\t\t\t\t<div class=\"flex flex-col place-content-center w-full py-14 md:py-20 lg:py-32 md:w-7\/12 lg:w-6\/12 wrap-padding-left md:pr-12\">\n\t\t\t\t\t\t\t<h2 class=\"mb-8 leading-tight\">Are You Ready to Take on the Challenge?<\/h2>\n\t\t\t\t\t\t\t\t\t\t<div class=\"text-text-light\">\n\t\t\t\t\t<p>At Fiberwood, we are not constrained by established perceptions and traditional ways of doing things. We are in a position to lead, challenge, and revolutionise entire industries. Whether it&#8217;s easy or comfortable, low carbon solutions must be found, not only to meet legislative requirements but also for the sake of our planet.<\/p>\n<p>&nbsp;<\/p>\n<p>Our work focuses on environmental values, engineering expertise, and continuous innovation. We have everyone from the PhDs who have developed our technology to the key players in production. A requirement for language proficiency in Finnish is dependent on a position.\u00a0 Find out more about us and join our team!<\/p>\n\n\t\t\t\t<\/div>\n\t\t\t\t\t\t\t\t\t\t<div class=\"flex flex-wrap gap-x-6 gap-y-2 mt-8\">\n\t\t\t\t\t\t\t\t\t\t\t\t\n\t\n<a href=\"https:\/\/fiberwood.com\/en\/category\/fiberwood-experts\/\" alt=\"\" target=\"\" class=\"button flex border justify-center items-center h-fit self-center hover:border-black hover:text-black border-primary text-primary text-base py-4 uppercase px-6 \">\n\tOur experts\n\t\t\t<svg xmlns=\"http:\/\/www.w3.org\/2000\/svg\" fill=\"none\" viewbox=\"0 0 24 24\" stroke-width=\"1.5\" stroke=\"currentColor\" class=\"ml-2 w-5 h-5\">\n\t\t\t<path stroke-linecap=\"round\" stroke-linejoin=\"round\" d=\"M17.25 8.25L21 12m0 0l-3.75 3.75M21 12H3\"\/>\n\t\t<\/svg>\n\t<\/a>\n\t\t\t\t\t\t\t\t\t<\/div>\n\t\t\t\t\t<\/div>\n\t\t\t\t\t\t\t<div class=\"hidden md:block w-full md:w-5\/12 lg:w-6\/12\">\n\t\t\t\t<img decoding=\"async\" class=\"w-full h-full object-cover\" src=\"https:\/\/fiberwood.com\/app\/uploads\/2023\/09\/Vaahtoteknologian-edellakavijat.png\" alt=\"\"\/>\n\t\t\t<\/div>\n\t\t\t\t\t\t<div class=\"block md:hidden w-full md:w-5\/12 lg:w-6\/12\">\n\t\t\t<img decoding=\"async\" class=\"w-full h-full object-cover\" src=\"https:\/\/fiberwood.com\/app\/uploads\/2023\/09\/Vaahtoteknologian-edellakavijat.png\" alt=\"\"\/>\n\t\t<\/div>\n\t<\/div>\n<\/div>\n\n\n\n\n\n<div  class=\" bg-lightgray\">\n\t<div class=\"flex flex-col md:flex-row\">\n\t\t\t\t\t\t\t<div class=\"hidden md:block w-full md:w-5\/12 lg:w-6\/12\">\n\t\t\t\t<img decoding=\"async\" class=\"w-full h-full object-cover\" src=\"https:\/\/fiberwood.com\/app\/uploads\/2023\/09\/Fiberwood_bio-based-material_1.jpg\" alt=\"\"\/>\n\t\t\t<\/div>\n\t\t\t\t<div class=\"flex flex-col place-content-center w-full py-14 md:py-20 lg:py-32 md:w-7\/12 lg:w-6\/12 wrap-padding-right md:pl-12\">\n\t\t\t\t\t\t\t<h2 class=\"mb-8 leading-tight\">Our Values<\/h2>\n\t\t\t\t\t\t\t\t\t\t<div class=\"text-text-light\">\n\t\t\t\t\t<ul>\n<li><strong>For the environment<\/strong>: We are committed to developing environmentally friendly alternatives to fossil-based materials and to acting responsibly for the well-being of our planet.<\/li>\n<li><strong>For people<\/strong>: Our wood and natural fibre-based insulation materials ensure the health of buildings and their inhabitants.<\/li>\n<li><strong>A reliable and respected partner<\/strong>: We have a reputation for reliability and innovation. Our customers and partners value our commitment to developing technically superior products.<\/li>\n<li><strong>We help each other succeed<\/strong>: We are a close-knit community where collaboration and mutual support are at the heart of everything we do. Together we achieve more.<\/li>\n<\/ul>\n\n\t\t\t\t<\/div>\n\t\t\t\t\t\t\t\t<\/div>\n\t\t\t\t\t\t\t\t<div class=\"block md:hidden w-full md:w-5\/12 lg:w-6\/12\">\n\t\t\t<img decoding=\"async\" class=\"w-full h-full object-cover\" src=\"https:\/\/fiberwood.com\/app\/uploads\/2023\/09\/Fiberwood_bio-based-material_1.jpg\" alt=\"\"\/>\n\t\t<\/div>\n\t<\/div>\n<\/div>\n\n\n\n<div style=\"height:30px\" aria-hidden=\"true\" class=\"wp-block-spacer\"><\/div>\n\n\n<div id=\"Section\" class=\"Block Section overflow-hidden wrap my-8\">\n\t<div class=\"Section-content relative max-w-[1088px] mx-auto w-full\">\n\t\t\n\n<div class=\"wp-block-columns is-layout-flex wp-container-core-columns-is-layout-9d6595d7 wp-block-columns-is-layout-flex\">\n<div class=\"wp-block-column is-layout-flow wp-block-column-is-layout-flow\" style=\"flex-basis:33.33%\">\n<h2 class=\"wp-block-heading has-text-align-right\">&#8220;<\/h2>\n<\/div>\n\n\n\n<div class=\"wp-block-column is-layout-flow wp-block-column-is-layout-flow\" style=\"flex-basis:66.66%\">\n<h2 class=\"wp-block-heading\">In a startup, you have the opportunity to make an impact. That motivates me.<\/h2>\n\n\n\n<p>Karita Kinnunen-Raudaskoski, CTO<\/p>\n<\/div>\n<\/div>\n\n\n\t<\/div>\n<\/div>\n\n\n\n<div style=\"height:30px\" aria-hidden=\"true\" class=\"wp-block-spacer\"><\/div>\n\n\n\n\n<div  class=\" bg-secondary relative\">\n\t<div class=\"flex wrap text-white text-center items-center flex-col place-content-center w-full py-14 md:py-20 lg:py-32 z-20 relative\">\n\t\t\t\t\t\t\t\t\t\t\t\t\t\t<h2 class=\"mb-8 leading-tight\">Interested?<\/h2>\n\t\t\t\t\t\t\t\t\t\t\t\t\t\t\t\t<p class=\"text-lg mb-4 md:w-2\/3\">If you didn&#8217;t find a suitable open position, thesis project, or internship, feel free to send an open application and tell us about yourself and your skills. We look forward to hearing from you!<\/p>\n\t\t\t\t\t\t\t\t\t\t\t\t\t\t<div class=\"flex flex-wrap gap-x-6 gap-y-2 mt-8\">\n\t\t\t\t\t\t\t\t\t\t\n\t\n<a href=\"https:\/\/fiberwood.com\/yritys\/tyopaikat\/avoin-hakemus\/\" alt=\"\" target=\"\" class=\"button flex border justify-center items-center h-fit self-center hover:border-black hover:text-black border-white text-white text-base py-4 uppercase px-6 \">\n\tFill out an open application\n\t\t\t<svg xmlns=\"http:\/\/www.w3.org\/2000\/svg\" fill=\"none\" viewbox=\"0 0 24 24\" stroke-width=\"1.5\" stroke=\"currentColor\" class=\"ml-2 w-5 h-5\">\n\t\t\t<path stroke-linecap=\"round\" stroke-linejoin=\"round\" d=\"M17.25 8.25L21 12m0 0l-3.75 3.75M21 12H3\"\/>\n\t\t<\/svg>\n\t<\/a>\n\t\t\t\t\t\t\t<\/div>\n\t\t\t<\/div>\n\t<\/div>\n\n\n\n<div style=\"height:100px\" aria-hidden=\"true\" class=\"wp-block-spacer\"><\/div>\n\n\n<div id=\"Section\" class=\"Block Section overflow-hidden wrap my-8\">\n\t<div class=\"Section-content relative max-w-[1088px] mx-auto w-full\">\n\t\t\n\n<h2 class=\"wp-block-heading has-text-align-center\">About us<\/h2>\n\n\n\t<\/div>\n<\/div>\n\n\n<div id=\"Section\" class=\"Block Section overflow-hidden wrap my-8\">\n\t<div class=\"Section-content relative max-w-[1088px] mx-auto w-full\">\n\t\t\n\n<p class=\"has-text-align-center\">We are a materials technology startup that develops fossil-free insulation and packaging materials from the forestry side streams and other natural fibres. We unlock the potential of leftovers by converting them into valuable, recyclable, and carbon-sequestering materials for various applications. Our breathable and compostable insulation and packaging materials are ecological alternatives to mineral wool-based insulation and cellular plastic-based packaging cushioning.<\/p>\n\n\n\n<p class=\"has-text-align-center\"><strong>Fossil-free insulation and packaging \u2013 The clear choice for a greener and cleaner planet.<\/strong><\/p>\n\n\n\n<p class=\"has-text-align-center\"><strong>Founded<\/strong> 2019<\/p>\n\n\n\n<p class=\"has-text-align-center\"><strong>Number of employees<\/strong> 20<\/p>\n\n\n\n<p class=\"has-text-align-center\"><strong>Locations:<\/strong> J\u00e4rvenp\u00e4\u00e4, Jyv\u00e4skyl\u00e4, H\u00e4meenlinna<\/p>\n\n\n\t<\/div>\n<\/div>\n\n\n\n\n<div  class=\"wrap py-14 md:py-20 lg:py-32 \">\n\t<div class=\"flex flex-col sm:flex-row mb-8 sm:items-center\">\n\t\t<h2 class=\"sm:mr-8 mb-0\">Latest news<\/h2>\n\t\t\t\n\t\n<a href=\"https:\/\/fiberwood.com\/en\/news\/\" alt=\"\" target=\"\" class=\"button flex border justify-center items-center h-fit self-center hover:border-black hover:text-black border-primary text-primary text-base py-4 uppercase px-6 mr-auto mt-4 sm:mt-0\">\n\tRead all\n\t\t\t<svg xmlns=\"http:\/\/www.w3.org\/2000\/svg\" fill=\"none\" viewbox=\"0 0 24 24\" stroke-width=\"1.5\" stroke=\"currentColor\" class=\"ml-2 w-5 h-5\">\n\t\t\t<path stroke-linecap=\"round\" stroke-linejoin=\"round\" d=\"M17.25 8.25L21 12m0 0l-3.75 3.75M21 12H3\"\/>\n\t\t<\/svg>\n\t<\/a>\n\t<\/div>\n\t<div class=\"grid sm:grid-cols-2 md:grid-cols-3 gap-4\">\n\t\t\t\t\t\n<div class=\"bg-white\">\n\t<a href=\"https:\/\/fiberwood.com\/en\/siddharth-gandhi-builds-the-bridge-from-pilot-to-production\/\" class=\"hover:opacity-90\">\n\t\t<img decoding=\"async\" class=\"aspect-square flex justify-center items-center w-full object-cover\" src=\"https:\/\/fiberwood.com\/app\/uploads\/2026\/03\/Fiberwood-header-2-1920-x-1080-px-8.png\" srcset=\"https:\/\/fiberwood.com\/app\/uploads\/2026\/03\/Fiberwood-header-2-1920-x-1080-px-8-300x169.png 300w, https:\/\/fiberwood.com\/app\/uploads\/2026\/03\/Fiberwood-header-2-1920-x-1080-px-8-1024x576.png 1024w, https:\/\/fiberwood.com\/app\/uploads\/2026\/03\/Fiberwood-header-2-1920-x-1080-px-8-768x432.png 768w, https:\/\/fiberwood.com\/app\/uploads\/2026\/03\/Fiberwood-header-2-1920-x-1080-px-8-1536x864.png 1536w, https:\/\/fiberwood.com\/app\/uploads\/2026\/03\/Fiberwood-header-2-1920-x-1080-px-8.png 1920w\" alt=\"\">\n\t<\/a>\n\t<div class=\"flex text-gray-dark flex-wrap pt-4 pb-1 sm:pt-6 sm:pb-4 text-sm\">\n\t\t10.03.2026\n\t\t\t\t\t\/&nbsp;\n\t\t\t<a href=\"https:\/\/fiberwood.com\/en\/category\/fiberwood-experts\/\" class=\"text-primary hover:underline\">\n\t\t\t\tFiberwood experts\n\t\t\t<\/a>\n\t\t\t<\/div>\n\t<a class=\"text-gray-dark hover:underline\" href=\"https:\/\/fiberwood.com\/en\/siddharth-gandhi-builds-the-bridge-from-pilot-to-production\/\">\n\t\t<h4>Siddharth Gandhi Builds the Bridge from Pilot to Production\u00a0<\/h4>\n\t<\/a>\n<\/div>\n\t\t\t\t\t\n<div class=\"bg-white\">\n\t<a href=\"https:\/\/fiberwood.com\/en\/study-current-regulation-overlooks-the-real-performance-of-wood-fibre-insulation\/\" class=\"hover:opacity-90\">\n\t\t<img decoding=\"async\" class=\"aspect-square flex justify-center items-center w-full object-cover\" src=\"https:\/\/fiberwood.com\/app\/uploads\/2023\/09\/Fiberwood_ecological_insulation_material_2.jpg\" srcset=\"https:\/\/fiberwood.com\/app\/uploads\/2023\/09\/Fiberwood_ecological_insulation_material_2-300x200.jpg 300w, https:\/\/fiberwood.com\/app\/uploads\/2023\/09\/Fiberwood_ecological_insulation_material_2-1024x683.jpg 1024w, https:\/\/fiberwood.com\/app\/uploads\/2023\/09\/Fiberwood_ecological_insulation_material_2-768x512.jpg 768w, https:\/\/fiberwood.com\/app\/uploads\/2023\/09\/Fiberwood_ecological_insulation_material_2.jpg 1499w\" alt=\"\">\n\t<\/a>\n\t<div class=\"flex text-gray-dark flex-wrap pt-4 pb-1 sm:pt-6 sm:pb-4 text-sm\">\n\t\t09.02.2026\n\t\t\t\t\t\/&nbsp;\n\t\t\t<a href=\"https:\/\/fiberwood.com\/en\/category\/news\/\" class=\"text-primary hover:underline\">\n\t\t\t\tNews\n\t\t\t<\/a>\n\t\t\t<\/div>\n\t<a class=\"text-gray-dark hover:underline\" href=\"https:\/\/fiberwood.com\/en\/study-current-regulation-overlooks-the-real-performance-of-wood-fibre-insulation\/\">\n\t\t<h4>Study:\u00a0Current regulation overlooks the real performance of wood fibre insulation<\/h4>\n\t<\/a>\n<\/div>\n\t\t\t\t\t\n<div class=\"bg-white\">\n\t<a href=\"https:\/\/fiberwood.com\/en\/ainu-voipio-advances-fiberwoods-laboratory-and-testing-practices\/\" class=\"hover:opacity-90\">\n\t\t<img decoding=\"async\" class=\"aspect-square flex justify-center items-center w-full object-cover\" src=\"https:\/\/fiberwood.com\/app\/uploads\/2025\/12\/Fiberwood-header-1780x640-1.jpg\" srcset=\"https:\/\/fiberwood.com\/app\/uploads\/2025\/12\/Fiberwood-header-1780x640-1-300x108.jpg 300w, https:\/\/fiberwood.com\/app\/uploads\/2025\/12\/Fiberwood-header-1780x640-1-1024x368.jpg 1024w, https:\/\/fiberwood.com\/app\/uploads\/2025\/12\/Fiberwood-header-1780x640-1-768x276.jpg 768w, https:\/\/fiberwood.com\/app\/uploads\/2025\/12\/Fiberwood-header-1780x640-1-1536x552.jpg 1536w, https:\/\/fiberwood.com\/app\/uploads\/2025\/12\/Fiberwood-header-1780x640-1.jpg 1780w\" alt=\"Ainu Voipio esittelee Fiberwoodin laboratoriossa k\u00e4ytett\u00e4v\u00e4\u00e4 kemikaalia\">\n\t<\/a>\n\t<div class=\"flex text-gray-dark flex-wrap pt-4 pb-1 sm:pt-6 sm:pb-4 text-sm\">\n\t\t09.01.2026\n\t\t\t\t\t\/&nbsp;\n\t\t\t<a href=\"https:\/\/fiberwood.com\/en\/category\/fiberwood-experts\/\" class=\"text-primary hover:underline\">\n\t\t\t\tFiberwood experts\n\t\t\t<\/a>\n\t\t\t<\/div>\n\t<a class=\"text-gray-dark hover:underline\" href=\"https:\/\/fiberwood.com\/en\/ainu-voipio-advances-fiberwoods-laboratory-and-testing-practices\/\">\n\t\t<h4>Ainu Voipio Advances Fiberwood\u2019s Laboratory and Testing Practices\u00a0<\/h4>\n\t<\/a>\n<\/div>\n\t\t\t<\/div>\n<\/div>\n","protected":false},"excerpt":{"rendered":"","protected":false},"author":4,"featured_media":1926,"parent":313,"menu_order":2,"comment_status":"closed","ping_status":"closed","template":"","meta":{"_acf_changed":false,"footnotes":""},"class_list":["post-2985","page","type-page","status-publish","has-post-thumbnail","hentry"],"acf":[],"yoast_head":"<!-- This site is optimized with the Yoast SEO plugin v27.3 - https:\/\/yoast.com\/product\/yoast-seo-wordpress\/ -->\n<title>Jobs - Fiberwood<\/title>\n<meta name=\"description\" content=\"Fiberwood is looking for individuals who want to create new and challenge prevailing traditions. As a pioneer, we are at the forefront of materials technology.\" \/>\n<meta name=\"robots\" content=\"index, follow, max-snippet:-1, max-image-preview:large, max-video-preview:-1\" \/>\n<link rel=\"canonical\" href=\"https:\/\/fiberwood.com\/en\/company\/jobs\/\" \/>\n<meta property=\"og:locale\" content=\"en_US\" \/>\n<meta property=\"og:type\" content=\"article\" \/>\n<meta property=\"og:title\" content=\"Jobs - Fiberwood\" \/>\n<meta property=\"og:description\" content=\"Fiberwood is looking for individuals who want to create new and challenge prevailing traditions. As a pioneer, we are at the forefront of materials technology.\" \/>\n<meta property=\"og:url\" content=\"https:\/\/fiberwood.com\/en\/company\/jobs\/\" \/>\n<meta property=\"og:site_name\" content=\"Fiberwood\" \/>\n<meta property=\"article:modified_time\" content=\"2026-03-11T10:12:29+00:00\" \/>\n<meta property=\"og:image\" content=\"https:\/\/fiberwood.com\/app\/uploads\/2023\/09\/Vaahtoteknologian-edellakavijat.png\" \/>\n\t<meta property=\"og:image:width\" content=\"1499\" \/>\n\t<meta property=\"og:image:height\" content=\"1000\" \/>\n\t<meta property=\"og:image:type\" content=\"image\/png\" \/>\n<meta name=\"twitter:card\" content=\"summary_large_image\" \/>\n<meta name=\"twitter:label1\" content=\"Est. reading time\" \/>\n\t<meta name=\"twitter:data1\" content=\"2 minutes\" \/>\n<script type=\"application\/ld+json\" class=\"yoast-schema-graph\">{\"@context\":\"https:\\\/\\\/schema.org\",\"@graph\":[{\"@type\":\"WebPage\",\"@id\":\"https:\\\/\\\/fiberwood.com\\\/en\\\/company\\\/jobs\\\/\",\"url\":\"https:\\\/\\\/fiberwood.com\\\/en\\\/company\\\/jobs\\\/\",\"name\":\"Jobs - Fiberwood\",\"isPartOf\":{\"@id\":\"https:\\\/\\\/fiberwood.com\\\/#website\"},\"primaryImageOfPage\":{\"@id\":\"https:\\\/\\\/fiberwood.com\\\/en\\\/company\\\/jobs\\\/#primaryimage\"},\"image\":{\"@id\":\"https:\\\/\\\/fiberwood.com\\\/en\\\/company\\\/jobs\\\/#primaryimage\"},\"thumbnailUrl\":\"https:\\\/\\\/fiberwood.com\\\/app\\\/uploads\\\/2023\\\/09\\\/Vaahtoteknologian-edellakavijat.png\",\"datePublished\":\"2024-05-30T21:19:35+00:00\",\"dateModified\":\"2026-03-11T10:12:29+00:00\",\"description\":\"Fiberwood is looking for individuals who want to create new and challenge prevailing traditions. As a pioneer, we are at the forefront of materials technology.\",\"breadcrumb\":{\"@id\":\"https:\\\/\\\/fiberwood.com\\\/en\\\/company\\\/jobs\\\/#breadcrumb\"},\"inLanguage\":\"en\",\"potentialAction\":[{\"@type\":\"ReadAction\",\"target\":[\"https:\\\/\\\/fiberwood.com\\\/en\\\/company\\\/jobs\\\/\"]}]},{\"@type\":\"ImageObject\",\"inLanguage\":\"en\",\"@id\":\"https:\\\/\\\/fiberwood.com\\\/en\\\/company\\\/jobs\\\/#primaryimage\",\"url\":\"https:\\\/\\\/fiberwood.com\\\/app\\\/uploads\\\/2023\\\/09\\\/Vaahtoteknologian-edellakavijat.png\",\"contentUrl\":\"https:\\\/\\\/fiberwood.com\\\/app\\\/uploads\\\/2023\\\/09\\\/Vaahtoteknologian-edellakavijat.png\",\"width\":1499,\"height\":1000},{\"@type\":\"BreadcrumbList\",\"@id\":\"https:\\\/\\\/fiberwood.com\\\/en\\\/company\\\/jobs\\\/#breadcrumb\",\"itemListElement\":[{\"@type\":\"ListItem\",\"position\":1,\"name\":\"Home\",\"item\":\"https:\\\/\\\/fiberwood.com\\\/en\\\/\"},{\"@type\":\"ListItem\",\"position\":2,\"name\":\"Company\",\"item\":\"https:\\\/\\\/fiberwood.com\\\/en\\\/company\\\/\"},{\"@type\":\"ListItem\",\"position\":3,\"name\":\"Jobs\"}]},{\"@type\":\"WebSite\",\"@id\":\"https:\\\/\\\/fiberwood.com\\\/#website\",\"url\":\"https:\\\/\\\/fiberwood.com\\\/\",\"name\":\"Fiberwood\",\"description\":\"\",\"potentialAction\":[{\"@type\":\"SearchAction\",\"target\":{\"@type\":\"EntryPoint\",\"urlTemplate\":\"https:\\\/\\\/fiberwood.com\\\/?s={search_term_string}\"},\"query-input\":{\"@type\":\"PropertyValueSpecification\",\"valueRequired\":true,\"valueName\":\"search_term_string\"}}],\"inLanguage\":\"en\"}]}<\/script>\n<!-- \/ Yoast SEO plugin. -->","yoast_head_json":{"title":"Jobs - Fiberwood","description":"Fiberwood is looking for individuals who want to create new and challenge prevailing traditions. As a pioneer, we are at the forefront of materials technology.","robots":{"index":"index","follow":"follow","max-snippet":"max-snippet:-1","max-image-preview":"max-image-preview:large","max-video-preview":"max-video-preview:-1"},"canonical":"https:\/\/fiberwood.com\/en\/company\/jobs\/","og_locale":"en_US","og_type":"article","og_title":"Jobs - Fiberwood","og_description":"Fiberwood is looking for individuals who want to create new and challenge prevailing traditions. As a pioneer, we are at the forefront of materials technology.","og_url":"https:\/\/fiberwood.com\/en\/company\/jobs\/","og_site_name":"Fiberwood","article_modified_time":"2026-03-11T10:12:29+00:00","og_image":[{"width":1499,"height":1000,"url":"https:\/\/fiberwood.com\/app\/uploads\/2023\/09\/Vaahtoteknologian-edellakavijat.png","type":"image\/png"}],"twitter_card":"summary_large_image","twitter_misc":{"Est. reading time":"2 minutes"},"schema":{"@context":"https:\/\/schema.org","@graph":[{"@type":"WebPage","@id":"https:\/\/fiberwood.com\/en\/company\/jobs\/","url":"https:\/\/fiberwood.com\/en\/company\/jobs\/","name":"Jobs - Fiberwood","isPartOf":{"@id":"https:\/\/fiberwood.com\/#website"},"primaryImageOfPage":{"@id":"https:\/\/fiberwood.com\/en\/company\/jobs\/#primaryimage"},"image":{"@id":"https:\/\/fiberwood.com\/en\/company\/jobs\/#primaryimage"},"thumbnailUrl":"https:\/\/fiberwood.com\/app\/uploads\/2023\/09\/Vaahtoteknologian-edellakavijat.png","datePublished":"2024-05-30T21:19:35+00:00","dateModified":"2026-03-11T10:12:29+00:00","description":"Fiberwood is looking for individuals who want to create new and challenge prevailing traditions. As a pioneer, we are at the forefront of materials technology.","breadcrumb":{"@id":"https:\/\/fiberwood.com\/en\/company\/jobs\/#breadcrumb"},"inLanguage":"en","potentialAction":[{"@type":"ReadAction","target":["https:\/\/fiberwood.com\/en\/company\/jobs\/"]}]},{"@type":"ImageObject","inLanguage":"en","@id":"https:\/\/fiberwood.com\/en\/company\/jobs\/#primaryimage","url":"https:\/\/fiberwood.com\/app\/uploads\/2023\/09\/Vaahtoteknologian-edellakavijat.png","contentUrl":"https:\/\/fiberwood.com\/app\/uploads\/2023\/09\/Vaahtoteknologian-edellakavijat.png","width":1499,"height":1000},{"@type":"BreadcrumbList","@id":"https:\/\/fiberwood.com\/en\/company\/jobs\/#breadcrumb","itemListElement":[{"@type":"ListItem","position":1,"name":"Home","item":"https:\/\/fiberwood.com\/en\/"},{"@type":"ListItem","position":2,"name":"Company","item":"https:\/\/fiberwood.com\/en\/company\/"},{"@type":"ListItem","position":3,"name":"Jobs"}]},{"@type":"WebSite","@id":"https:\/\/fiberwood.com\/#website","url":"https:\/\/fiberwood.com\/","name":"Fiberwood","description":"","potentialAction":[{"@type":"SearchAction","target":{"@type":"EntryPoint","urlTemplate":"https:\/\/fiberwood.com\/?s={search_term_string}"},"query-input":{"@type":"PropertyValueSpecification","valueRequired":true,"valueName":"search_term_string"}}],"inLanguage":"en"}]}},"_links":{"self":[{"href":"https:\/\/fiberwood.com\/en\/wp-json\/wp\/v2\/pages\/2985","targetHints":{"allow":["GET"]}}],"collection":[{"href":"https:\/\/fiberwood.com\/en\/wp-json\/wp\/v2\/pages"}],"about":[{"href":"https:\/\/fiberwood.com\/en\/wp-json\/wp\/v2\/types\/page"}],"author":[{"embeddable":true,"href":"https:\/\/fiberwood.com\/en\/wp-json\/wp\/v2\/users\/4"}],"replies":[{"embeddable":true,"href":"https:\/\/fiberwood.com\/en\/wp-json\/wp\/v2\/comments?post=2985"}],"version-history":[{"count":22,"href":"https:\/\/fiberwood.com\/en\/wp-json\/wp\/v2\/pages\/2985\/revisions"}],"predecessor-version":[{"id":4164,"href":"https:\/\/fiberwood.com\/en\/wp-json\/wp\/v2\/pages\/2985\/revisions\/4164"}],"up":[{"embeddable":true,"href":"https:\/\/fiberwood.com\/en\/wp-json\/wp\/v2\/pages\/313"}],"wp:featuredmedia":[{"embeddable":true,"href":"https:\/\/fiberwood.com\/en\/wp-json\/wp\/v2\/media\/1926"}],"wp:attachment":[{"href":"https:\/\/fiberwood.com\/en\/wp-json\/wp\/v2\/media?parent=2985"}],"curies":[{"name":"wp","href":"https:\/\/api.w.org\/{rel}","templated":true}]}}