{"id":297,"date":"2023-08-16T08:28:33","date_gmt":"2023-08-16T08:28:33","guid":{"rendered":"http:\/\/fiberwood-wordpress.lndo.site\/?page_id=297"},"modified":"2025-04-25T11:13:47","modified_gmt":"2025-04-25T11:13:47","slug":"frontpage","status":"publish","type":"page","link":"https:\/\/fiberwood.com\/en\/","title":{"rendered":"Frontpage"},"content":{"rendered":"\n\n<div >\n\t<div class=\"relative h-screen xl:h-screen -mt-20 lg:-mt-40 pt-20 lg:pt-40 z-10 w-full flex flex-col items-center bg-cover \">\n\t\t\t\t\t<div class=\"absolute left-0 top-0 right-0 bottom-0\">\n\t\t\t\t<video aria-hidden=\"true\" playsinline=\"\" autoplay=\"true\" muted=\"\" loop=\"true\" poster=\"https:\/\/fiberwood.com\/app\/uploads\/2023\/09\/Fiberwood_header-clip_FINAL.mp4\" id=\"hero-video\" class=\"w-full h-full object-cover\">\n\t\t\t\t\t<source src=\"https:\/\/fiberwood.com\/app\/uploads\/2023\/09\/Fiberwood_header-clip_FINAL.mp4\" type=\"video\/webm\">\n\t\t\t\t<\/video>\n\t\t\t<\/div>\n\t\t\t\t\t\t\t\t\t<div class=\"absolute right-0 left-0 bottom-0 top-0 bg-black opacity-30 pointer-events-none\"><\/div>\n\t\t\t\t\t\t\t<div class=\"my-auto mx-2\">\n\t\t\t\t<h1 class=\"Title relative z-20 sm:text-5xl lg:text-6xl 2xl:text-7xl text-center max-w-6xl !leading-tight \">\n\t\t\t\t\t\t\t\t\t\t\t<span class=\"text-white\">What if<\/span><br>\n\t\t\t\t\t\t\t\t\t\t\t<span class=\"text-white\">we could insulate homes and protect packages more sustainably?<\/span><br>\n\t\t\t\t\t\t\t\t\t<\/h1>\n\t\t\t<\/div>\n\t\t\t\t\t\t\t<div class=\"Text mt-auto mb-24 relative text-center z-20 text-lg sm:text-xl lg:text-2xl xl:text-3xl mx-2 text-white\">\n\t\t\t\t<h3><span style=\"color: #e16932;\">Fossil-free insulation and packaging material<\/span><\/h3>\n\n\t\t\t<\/div>\n\t\t\t\t\t<\/div>\n\t<\/div>\n\n\n\n\n\n<div  class=\" bg-lightgray\">\n\t<div class=\"flex flex-col md:flex-row\">\n\t\t\t\t\t\t<div class=\"flex flex-col place-content-center w-full py-14 md:py-20 lg:py-32 md:w-7\/12 lg:w-6\/12 wrap-padding-left md:pr-12\">\n\t\t\t\t\t\t\t<h2 class=\"mb-8 leading-tight\">What is Fiberwood?<\/h2>\n\t\t\t\t\t\t\t\t\t\t<div class=\"text-text-light\">\n\t\t\t\t\t<p>We develop next-generation building and packaging materials from forest industry by-products and other natural fibres.<\/p>\n\n\t\t\t\t<\/div>\n\t\t\t\t\t\t\t\t<\/div>\n\t\t\t\t\t\t\t<div class=\"hidden md:block w-full md:w-5\/12 lg:w-6\/12\">\n\t\t\t\t<img decoding=\"async\" class=\"w-full h-full object-cover\" src=\"https:\/\/fiberwood.com\/app\/uploads\/2023\/08\/Fiberwood-fibre-2.jpg\" alt=\"\"\/>\n\t\t\t<\/div>\n\t\t\t\t\t\t<div class=\"block md:hidden w-full md:w-5\/12 lg:w-6\/12\">\n\t\t\t<img decoding=\"async\" class=\"w-full h-full object-cover\" src=\"https:\/\/fiberwood.com\/app\/uploads\/2023\/08\/Fiberwood-fibre-2.jpg\" alt=\"\"\/>\n\t\t<\/div>\n\t<\/div>\n<\/div>\n\n\n\n\n\n<div  class=\" bg-lightgray\">\n\t<div class=\"flex flex-col md:flex-row\">\n\t\t\t\t\t\t\t<div class=\"hidden md:block w-full md:w-5\/12 lg:w-6\/12\">\n\t\t\t\t<img decoding=\"async\" class=\"w-full h-full object-cover\" src=\"https:\/\/fiberwood.com\/app\/uploads\/2023\/08\/Fiberwood-fibre.jpg\" alt=\"\"\/>\n\t\t\t<\/div>\n\t\t\t\t<div class=\"flex flex-col place-content-center w-full py-14 md:py-20 lg:py-32 md:w-7\/12 lg:w-6\/12 wrap-padding-right md:pl-12\">\n\t\t\t\t\t\t\t<h2 class=\"mb-8 leading-tight\">Solutions<\/h2>\n\t\t\t\t\t\t\t\t\t\t<div class=\"text-text-light\">\n\t\t\t\t\t<p>Breathable, recyclable and compostable building and packaging materials are ecological alternatives to mineral wool and cellular plastic-based insulation and cushioning.<\/p>\n\n\t\t\t\t<\/div>\n\t\t\t\t\t\t\t\t\t\t<div class=\"flex flex-wrap gap-x-6 gap-y-2 mt-8\">\n\t\t\t\t\t\t\t\t\t\t\t\t\n\t\n<a href=\"https:\/\/fiberwood.com\/en\/applications\/construction\/\" alt=\"\" target=\"\" class=\"button flex border justify-center items-center h-fit self-center hover:border-black hover:text-black border-primary text-primary text-base py-4 uppercase px-6 \">\n\tInsulation\n\t\t\t<svg xmlns=\"http:\/\/www.w3.org\/2000\/svg\" fill=\"none\" viewbox=\"0 0 24 24\" stroke-width=\"1.5\" stroke=\"currentColor\" class=\"ml-2 w-5 h-5\">\n\t\t\t<path stroke-linecap=\"round\" stroke-linejoin=\"round\" d=\"M17.25 8.25L21 12m0 0l-3.75 3.75M21 12H3\"\/>\n\t\t<\/svg>\n\t<\/a>\n\t\t\t\t\t\t\t\t\t\t\t\t\n\t\n<a href=\"https:\/\/fiberwood.com\/en\/applications\/packaging-materials\/\" alt=\"\" target=\"\" class=\"button flex border justify-center items-center h-fit self-center hover:border-black hover:text-black border-primary text-primary text-base py-4 uppercase px-6 \">\n\tPackaging Materials\n\t\t\t<svg xmlns=\"http:\/\/www.w3.org\/2000\/svg\" fill=\"none\" viewbox=\"0 0 24 24\" stroke-width=\"1.5\" stroke=\"currentColor\" class=\"ml-2 w-5 h-5\">\n\t\t\t<path stroke-linecap=\"round\" stroke-linejoin=\"round\" d=\"M17.25 8.25L21 12m0 0l-3.75 3.75M21 12H3\"\/>\n\t\t<\/svg>\n\t<\/a>\n\t\t\t\t\t\t\t\t\t<\/div>\n\t\t\t\t\t<\/div>\n\t\t\t\t\t\t\t\t<div class=\"block md:hidden w-full md:w-5\/12 lg:w-6\/12\">\n\t\t\t<img decoding=\"async\" class=\"w-full h-full object-cover\" src=\"https:\/\/fiberwood.com\/app\/uploads\/2023\/08\/Fiberwood-fibre.jpg\" alt=\"\"\/>\n\t\t<\/div>\n\t<\/div>\n<\/div>\n\n\n\n\n\n<div  class=\"relative z-10 pt-24 pb-10 md:pt-10 lg:pt-24 md:pb-28 lg:pb-40  before:block before:absolute before:top-0 before:left-0 before:right-0 before:h-52 before:md:right-0 before:md:left-auto before:md:left-0 before:md:right-auto before:md:h-3\/4 before:md:w-5\/12 before:lg:w-1\/2 before:z-0 before:bg-lightgray\">\n\t<div class=\"wrap pr-8 md:pr-0 flex flex-col md:flex-col items-end relative z-10\">\n\t\t\t\t<div class=\"block md:hidden w-full md:w-5\/12 lg:w-6\/12\">\n\t\t\t<img decoding=\"async\" class=\"w-full h-full object-cover\" src=\"https:\/\/fiberwood.com\/app\/uploads\/2025\/04\/HabitareMaterialsAlcova2025_0266_photo__Paavo_Lehtonen.jpg\" alt=\"\"\/>\n\t\t<\/div>\n\t\t\t\t\t\t\t<div class=\"hidden md:block w-full\">\n\t\t\t\t<img decoding=\"async\" class=\"max-h-[50vh] w-full object-cover\" src=\"https:\/\/fiberwood.com\/app\/uploads\/2025\/04\/HabitareMaterialsAlcova2025_0266_photo__Paavo_Lehtonen.jpg\" alt=\"\"\/>\n\t\t\t<\/div>\n\t\t\t\t\t\t\t\t<div class=\"flex flex-col place-content-center w-full mt-8 md:mt-0 md:pb-12 md:pt-12 lg:pt-20 md:pr-12 md:pr-0 md:pl-12 md:pb-0 md:w-6\/12 lg:w-5\/12\">\n\t\t\t\t\t\t\t<h2 class=\"text-text mb-8\">Welcome to a New Era of Natural Soundscaping<\/h2>\n\t\t\t\t\t\t\t\t\t\t<div class=\"text-text-light mb-8\">\n\t\t\t\t\t<p>Explore Fiberwood\u2019s wood-based acoustic materials \u2013 sustainable, plastic-free, and ready to transform spaces.<\/p>\n\n\t\t\t\t<\/div>\n\t\t\t\t\t\t\t\t\t\t<div class=\"flex gap-x-6 gap-y-2\">\n\t\t\t\t\t\t\t\t\t\t\t\t\n\t\n<a href=\"https:\/\/fiberwood.com\/en\/habitare-acoustic-materials\/\" alt=\"\" target=\"\" class=\"button flex border justify-center items-center h-fit self-center hover:border-black hover:text-black border-primary text-primary text-base py-4 uppercase px-6 \">\n\tWood-Based Acoustic Materials\n\t\t\t<svg xmlns=\"http:\/\/www.w3.org\/2000\/svg\" fill=\"none\" viewbox=\"0 0 24 24\" stroke-width=\"1.5\" stroke=\"currentColor\" class=\"ml-2 w-5 h-5\">\n\t\t\t<path stroke-linecap=\"round\" stroke-linejoin=\"round\" d=\"M17.25 8.25L21 12m0 0l-3.75 3.75M21 12H3\"\/>\n\t\t<\/svg>\n\t<\/a>\n\t\t\t\t\t\t\t\t\t<\/div>\n\t\t\t\t\t<\/div>\n\t\t\t\t\t<\/div>\n<\/div>\n\n\n\n\n<div  class=\" bg-secondary relative\">\n\t<div class=\"flex wrap text-white text-center items-center flex-col place-content-center w-full py-14 md:py-20 lg:py-32 z-20 relative\">\n\t\t\t\t\t\t\t\t\t\t\t\t\t\t<h2 class=\"mb-8 leading-tight\">Sustainable construction and packaging<\/h2>\n\t\t\t\t\t\t\t\t\t\t\t\t\t\t\t\t<p class=\"text-lg mb-4 md:w-2\/3\">We promote a more sustainable future by using forestry by-products, manufacturing valuable products energy-efficiently and creating new opportunities for wood-based construction and plastic-free packaging.<\/p>\n\t\t\t\t\t\t\t\t\t\t\t\t\t\t<div class=\"flex flex-wrap gap-x-6 gap-y-2 mt-8\">\n\t\t\t\t\t\t\t\t\t\t\n\t\n<a href=\"https:\/\/fiberwood.com\/en\/company\/\" alt=\"\" target=\"\" class=\"button flex border justify-center items-center h-fit self-center hover:border-black hover:text-black border-white text-white text-base py-4 uppercase px-6 \">\n\tSchedule and Commercial Availability\n\t\t\t<svg xmlns=\"http:\/\/www.w3.org\/2000\/svg\" fill=\"none\" viewbox=\"0 0 24 24\" stroke-width=\"1.5\" stroke=\"currentColor\" class=\"ml-2 w-5 h-5\">\n\t\t\t<path stroke-linecap=\"round\" stroke-linejoin=\"round\" d=\"M17.25 8.25L21 12m0 0l-3.75 3.75M21 12H3\"\/>\n\t\t<\/svg>\n\t<\/a>\n\t\t\t\t\t\t\t<\/div>\n\t\t\t<\/div>\n\t\t\t<img decoding=\"async\" class=\"absolute top-0 right-0 left-0 bottom-0 object-cover w-full h-full\" srcset=\"https:\/\/fiberwood.com\/app\/uploads\/2023\/08\/Bg-Orange-1-1024x577.jpg 1024w, https:\/\/fiberwood.com\/app\/uploads\/2023\/08\/Bg-Orange-1-768x432.jpg 768w, https:\/\/fiberwood.com\/app\/uploads\/2023\/08\/Bg-Orange-1-300x169.jpg 300w\" alt=\"\" src=\"https:\/\/fiberwood.com\/app\/uploads\/2023\/08\/Bg-Orange-1-1024x577.jpg\">\n\t<\/div>\n\n\n\n\n<div  class=\"wrap py-14 md:py-20 lg:py-32 \">\n\t<div class=\"flex flex-col sm:flex-row mb-8 sm:items-center\">\n\t\t<h2 class=\"sm:mr-8 mb-0\">Latest news<\/h2>\n\t\t\t\n\t\n<a href=\"https:\/\/fiberwood.com\/en\/news\/\" alt=\"\" target=\"\" class=\"button flex border justify-center items-center h-fit self-center hover:border-black hover:text-black border-primary text-primary text-base py-4 uppercase px-6 mr-auto mt-4 sm:mt-0\">\n\tRead all\n\t\t\t<svg xmlns=\"http:\/\/www.w3.org\/2000\/svg\" fill=\"none\" viewbox=\"0 0 24 24\" stroke-width=\"1.5\" stroke=\"currentColor\" class=\"ml-2 w-5 h-5\">\n\t\t\t<path stroke-linecap=\"round\" stroke-linejoin=\"round\" d=\"M17.25 8.25L21 12m0 0l-3.75 3.75M21 12H3\"\/>\n\t\t<\/svg>\n\t<\/a>\n\t<\/div>\n\t<div class=\"grid sm:grid-cols-2 md:grid-cols-3 gap-4\">\n\t\t\t\t\t\n<div class=\"bg-white\">\n\t<a href=\"https:\/\/fiberwood.com\/en\/siddharth-gandhi-builds-the-bridge-from-pilot-to-production\/\" class=\"hover:opacity-90\">\n\t\t<img decoding=\"async\" class=\"aspect-square flex justify-center items-center w-full object-cover\" src=\"https:\/\/fiberwood.com\/app\/uploads\/2026\/03\/Fiberwood-header-2-1920-x-1080-px-8.png\" srcset=\"https:\/\/fiberwood.com\/app\/uploads\/2026\/03\/Fiberwood-header-2-1920-x-1080-px-8-300x169.png 300w, https:\/\/fiberwood.com\/app\/uploads\/2026\/03\/Fiberwood-header-2-1920-x-1080-px-8-1024x576.png 1024w, https:\/\/fiberwood.com\/app\/uploads\/2026\/03\/Fiberwood-header-2-1920-x-1080-px-8-768x432.png 768w, https:\/\/fiberwood.com\/app\/uploads\/2026\/03\/Fiberwood-header-2-1920-x-1080-px-8-1536x864.png 1536w, https:\/\/fiberwood.com\/app\/uploads\/2026\/03\/Fiberwood-header-2-1920-x-1080-px-8.png 1920w\" alt=\"\">\n\t<\/a>\n\t<div class=\"flex text-gray-dark flex-wrap pt-4 pb-1 sm:pt-6 sm:pb-4 text-sm\">\n\t\t10.03.2026\n\t\t\t\t\t\/&nbsp;\n\t\t\t<a href=\"https:\/\/fiberwood.com\/en\/category\/fiberwood-experts\/\" class=\"text-primary hover:underline\">\n\t\t\t\tFiberwood experts\n\t\t\t<\/a>\n\t\t\t<\/div>\n\t<a class=\"text-gray-dark hover:underline\" href=\"https:\/\/fiberwood.com\/en\/siddharth-gandhi-builds-the-bridge-from-pilot-to-production\/\">\n\t\t<h4>Siddharth Gandhi Builds the Bridge from Pilot to Production\u00a0<\/h4>\n\t<\/a>\n<\/div>\n\t\t\t\t\t\n<div class=\"bg-white\">\n\t<a href=\"https:\/\/fiberwood.com\/en\/study-current-regulation-overlooks-the-real-performance-of-wood-fibre-insulation\/\" class=\"hover:opacity-90\">\n\t\t<img decoding=\"async\" class=\"aspect-square flex justify-center items-center w-full object-cover\" src=\"https:\/\/fiberwood.com\/app\/uploads\/2023\/09\/Fiberwood_ecological_insulation_material_2.jpg\" srcset=\"https:\/\/fiberwood.com\/app\/uploads\/2023\/09\/Fiberwood_ecological_insulation_material_2-300x200.jpg 300w, https:\/\/fiberwood.com\/app\/uploads\/2023\/09\/Fiberwood_ecological_insulation_material_2-1024x683.jpg 1024w, https:\/\/fiberwood.com\/app\/uploads\/2023\/09\/Fiberwood_ecological_insulation_material_2-768x512.jpg 768w, https:\/\/fiberwood.com\/app\/uploads\/2023\/09\/Fiberwood_ecological_insulation_material_2.jpg 1499w\" alt=\"\">\n\t<\/a>\n\t<div class=\"flex text-gray-dark flex-wrap pt-4 pb-1 sm:pt-6 sm:pb-4 text-sm\">\n\t\t09.02.2026\n\t\t\t\t\t\/&nbsp;\n\t\t\t<a href=\"https:\/\/fiberwood.com\/en\/category\/news\/\" class=\"text-primary hover:underline\">\n\t\t\t\tNews\n\t\t\t<\/a>\n\t\t\t<\/div>\n\t<a class=\"text-gray-dark hover:underline\" href=\"https:\/\/fiberwood.com\/en\/study-current-regulation-overlooks-the-real-performance-of-wood-fibre-insulation\/\">\n\t\t<h4>Study:\u00a0Current regulation overlooks the real performance of wood fibre insulation<\/h4>\n\t<\/a>\n<\/div>\n\t\t\t\t\t\n<div class=\"bg-white\">\n\t<a href=\"https:\/\/fiberwood.com\/en\/ainu-voipio-advances-fiberwoods-laboratory-and-testing-practices\/\" class=\"hover:opacity-90\">\n\t\t<img decoding=\"async\" class=\"aspect-square flex justify-center items-center w-full object-cover\" src=\"https:\/\/fiberwood.com\/app\/uploads\/2025\/12\/Fiberwood-header-1780x640-1.jpg\" srcset=\"https:\/\/fiberwood.com\/app\/uploads\/2025\/12\/Fiberwood-header-1780x640-1-300x108.jpg 300w, https:\/\/fiberwood.com\/app\/uploads\/2025\/12\/Fiberwood-header-1780x640-1-1024x368.jpg 1024w, https:\/\/fiberwood.com\/app\/uploads\/2025\/12\/Fiberwood-header-1780x640-1-768x276.jpg 768w, https:\/\/fiberwood.com\/app\/uploads\/2025\/12\/Fiberwood-header-1780x640-1-1536x552.jpg 1536w, https:\/\/fiberwood.com\/app\/uploads\/2025\/12\/Fiberwood-header-1780x640-1.jpg 1780w\" alt=\"Ainu Voipio esittelee Fiberwoodin laboratoriossa k\u00e4ytett\u00e4v\u00e4\u00e4 kemikaalia\">\n\t<\/a>\n\t<div class=\"flex text-gray-dark flex-wrap pt-4 pb-1 sm:pt-6 sm:pb-4 text-sm\">\n\t\t09.01.2026\n\t\t\t\t\t\/&nbsp;\n\t\t\t<a href=\"https:\/\/fiberwood.com\/en\/category\/fiberwood-experts\/\" class=\"text-primary hover:underline\">\n\t\t\t\tFiberwood experts\n\t\t\t<\/a>\n\t\t\t<\/div>\n\t<a class=\"text-gray-dark hover:underline\" href=\"https:\/\/fiberwood.com\/en\/ainu-voipio-advances-fiberwoods-laboratory-and-testing-practices\/\">\n\t\t<h4>Ainu Voipio Advances Fiberwood\u2019s Laboratory and Testing Practices\u00a0<\/h4>\n\t<\/a>\n<\/div>\n\t\t\t<\/div>\n<\/div>\n","protected":false},"excerpt":{"rendered":"","protected":false},"author":1,"featured_media":1239,"parent":0,"menu_order":-2,"comment_status":"closed","ping_status":"open","template":"","meta":{"_acf_changed":false,"footnotes":""},"class_list":["post-297","page","type-page","status-publish","has-post-thumbnail","hentry"],"acf":[],"yoast_head":"<!-- This site is optimized with the Yoast SEO plugin v27.3 - https:\/\/yoast.com\/product\/yoast-seo-wordpress\/ -->\n<title>Frontpage - Fiberwood<\/title>\n<meta name=\"description\" content=\"All straight from nature - Fossil-free building insulation and packaging materials.\" \/>\n<meta name=\"robots\" content=\"index, follow, max-snippet:-1, max-image-preview:large, max-video-preview:-1\" \/>\n<link rel=\"canonical\" href=\"https:\/\/fiberwood.com\/en\/\" \/>\n<meta property=\"og:locale\" content=\"en_US\" \/>\n<meta property=\"og:type\" content=\"article\" \/>\n<meta property=\"og:title\" content=\"Frontpage - Fiberwood\" \/>\n<meta property=\"og:description\" content=\"All straight from nature - Fossil-free building insulation and packaging materials.\" \/>\n<meta property=\"og:url\" content=\"https:\/\/fiberwood.com\/en\/\" \/>\n<meta property=\"og:site_name\" content=\"Fiberwood\" \/>\n<meta property=\"article:modified_time\" content=\"2025-04-25T11:13:47+00:00\" \/>\n<meta property=\"og:image\" content=\"https:\/\/fiberwood.com\/app\/uploads\/2023\/08\/Applications.jpg\" \/>\n\t<meta property=\"og:image:width\" content=\"1920\" \/>\n\t<meta property=\"og:image:height\" content=\"1281\" \/>\n\t<meta property=\"og:image:type\" content=\"image\/jpeg\" \/>\n<meta name=\"twitter:card\" content=\"summary_large_image\" \/>\n<meta name=\"twitter:label1\" content=\"Est. reading time\" \/>\n\t<meta name=\"twitter:data1\" content=\"1 minute\" \/>\n<script type=\"application\/ld+json\" class=\"yoast-schema-graph\">{\"@context\":\"https:\\\/\\\/schema.org\",\"@graph\":[{\"@type\":\"WebPage\",\"@id\":\"https:\\\/\\\/fiberwood.com\\\/en\\\/\",\"url\":\"https:\\\/\\\/fiberwood.com\\\/en\\\/\",\"name\":\"Frontpage - Fiberwood\",\"isPartOf\":{\"@id\":\"https:\\\/\\\/fiberwood.com\\\/#website\"},\"primaryImageOfPage\":{\"@id\":\"https:\\\/\\\/fiberwood.com\\\/en\\\/#primaryimage\"},\"image\":{\"@id\":\"https:\\\/\\\/fiberwood.com\\\/en\\\/#primaryimage\"},\"thumbnailUrl\":\"https:\\\/\\\/fiberwood.com\\\/app\\\/uploads\\\/2023\\\/08\\\/Applications.jpg\",\"datePublished\":\"2023-08-16T08:28:33+00:00\",\"dateModified\":\"2025-04-25T11:13:47+00:00\",\"description\":\"All straight from nature - Fossil-free building insulation and packaging materials.\",\"breadcrumb\":{\"@id\":\"https:\\\/\\\/fiberwood.com\\\/en\\\/#breadcrumb\"},\"inLanguage\":\"en\",\"potentialAction\":[{\"@type\":\"ReadAction\",\"target\":[\"https:\\\/\\\/fiberwood.com\\\/en\\\/\"]}]},{\"@type\":\"ImageObject\",\"inLanguage\":\"en\",\"@id\":\"https:\\\/\\\/fiberwood.com\\\/en\\\/#primaryimage\",\"url\":\"https:\\\/\\\/fiberwood.com\\\/app\\\/uploads\\\/2023\\\/08\\\/Applications.jpg\",\"contentUrl\":\"https:\\\/\\\/fiberwood.com\\\/app\\\/uploads\\\/2023\\\/08\\\/Applications.jpg\",\"width\":1920,\"height\":1281},{\"@type\":\"BreadcrumbList\",\"@id\":\"https:\\\/\\\/fiberwood.com\\\/en\\\/#breadcrumb\",\"itemListElement\":[{\"@type\":\"ListItem\",\"position\":1,\"name\":\"Home\",\"item\":\"https:\\\/\\\/fiberwood.com\\\/en\\\/\"},{\"@type\":\"ListItem\",\"position\":2,\"name\":\"Frontpage\"}]},{\"@type\":\"WebSite\",\"@id\":\"https:\\\/\\\/fiberwood.com\\\/#website\",\"url\":\"https:\\\/\\\/fiberwood.com\\\/\",\"name\":\"Fiberwood\",\"description\":\"\",\"potentialAction\":[{\"@type\":\"SearchAction\",\"target\":{\"@type\":\"EntryPoint\",\"urlTemplate\":\"https:\\\/\\\/fiberwood.com\\\/?s={search_term_string}\"},\"query-input\":{\"@type\":\"PropertyValueSpecification\",\"valueRequired\":true,\"valueName\":\"search_term_string\"}}],\"inLanguage\":\"en\"}]}<\/script>\n<!-- \/ Yoast SEO plugin. -->","yoast_head_json":{"title":"Frontpage - Fiberwood","description":"All straight from nature - Fossil-free building insulation and packaging materials.","robots":{"index":"index","follow":"follow","max-snippet":"max-snippet:-1","max-image-preview":"max-image-preview:large","max-video-preview":"max-video-preview:-1"},"canonical":"https:\/\/fiberwood.com\/en\/","og_locale":"en_US","og_type":"article","og_title":"Frontpage - Fiberwood","og_description":"All straight from nature - Fossil-free building insulation and packaging materials.","og_url":"https:\/\/fiberwood.com\/en\/","og_site_name":"Fiberwood","article_modified_time":"2025-04-25T11:13:47+00:00","og_image":[{"width":1920,"height":1281,"url":"https:\/\/fiberwood.com\/app\/uploads\/2023\/08\/Applications.jpg","type":"image\/jpeg"}],"twitter_card":"summary_large_image","twitter_misc":{"Est. reading time":"1 minute"},"schema":{"@context":"https:\/\/schema.org","@graph":[{"@type":"WebPage","@id":"https:\/\/fiberwood.com\/en\/","url":"https:\/\/fiberwood.com\/en\/","name":"Frontpage - Fiberwood","isPartOf":{"@id":"https:\/\/fiberwood.com\/#website"},"primaryImageOfPage":{"@id":"https:\/\/fiberwood.com\/en\/#primaryimage"},"image":{"@id":"https:\/\/fiberwood.com\/en\/#primaryimage"},"thumbnailUrl":"https:\/\/fiberwood.com\/app\/uploads\/2023\/08\/Applications.jpg","datePublished":"2023-08-16T08:28:33+00:00","dateModified":"2025-04-25T11:13:47+00:00","description":"All straight from nature - Fossil-free building insulation and packaging materials.","breadcrumb":{"@id":"https:\/\/fiberwood.com\/en\/#breadcrumb"},"inLanguage":"en","potentialAction":[{"@type":"ReadAction","target":["https:\/\/fiberwood.com\/en\/"]}]},{"@type":"ImageObject","inLanguage":"en","@id":"https:\/\/fiberwood.com\/en\/#primaryimage","url":"https:\/\/fiberwood.com\/app\/uploads\/2023\/08\/Applications.jpg","contentUrl":"https:\/\/fiberwood.com\/app\/uploads\/2023\/08\/Applications.jpg","width":1920,"height":1281},{"@type":"BreadcrumbList","@id":"https:\/\/fiberwood.com\/en\/#breadcrumb","itemListElement":[{"@type":"ListItem","position":1,"name":"Home","item":"https:\/\/fiberwood.com\/en\/"},{"@type":"ListItem","position":2,"name":"Frontpage"}]},{"@type":"WebSite","@id":"https:\/\/fiberwood.com\/#website","url":"https:\/\/fiberwood.com\/","name":"Fiberwood","description":"","potentialAction":[{"@type":"SearchAction","target":{"@type":"EntryPoint","urlTemplate":"https:\/\/fiberwood.com\/?s={search_term_string}"},"query-input":{"@type":"PropertyValueSpecification","valueRequired":true,"valueName":"search_term_string"}}],"inLanguage":"en"}]}},"_links":{"self":[{"href":"https:\/\/fiberwood.com\/en\/wp-json\/wp\/v2\/pages\/297","targetHints":{"allow":["GET"]}}],"collection":[{"href":"https:\/\/fiberwood.com\/en\/wp-json\/wp\/v2\/pages"}],"about":[{"href":"https:\/\/fiberwood.com\/en\/wp-json\/wp\/v2\/types\/page"}],"author":[{"embeddable":true,"href":"https:\/\/fiberwood.com\/en\/wp-json\/wp\/v2\/users\/1"}],"replies":[{"embeddable":true,"href":"https:\/\/fiberwood.com\/en\/wp-json\/wp\/v2\/comments?post=297"}],"version-history":[{"count":241,"href":"https:\/\/fiberwood.com\/en\/wp-json\/wp\/v2\/pages\/297\/revisions"}],"predecessor-version":[{"id":3648,"href":"https:\/\/fiberwood.com\/en\/wp-json\/wp\/v2\/pages\/297\/revisions\/3648"}],"wp:featuredmedia":[{"embeddable":true,"href":"https:\/\/fiberwood.com\/en\/wp-json\/wp\/v2\/media\/1239"}],"wp:attachment":[{"href":"https:\/\/fiberwood.com\/en\/wp-json\/wp\/v2\/media?parent=297"}],"curies":[{"name":"wp","href":"https:\/\/api.w.org\/{rel}","templated":true}]}}